{"id":869,"date":"2018-05-03T15:17:53","date_gmt":"2018-05-03T13:17:53","guid":{"rendered":"http:\/\/wpoffice\/enfold-lawyer\/?page_id=814"},"modified":"2023-07-17T17:43:19","modified_gmt":"2023-07-17T15:43:19","slug":"melanie","status":"publish","type":"page","link":"https:\/\/melanie-vehmeier.de\/?page_id=869","title":{"rendered":"MELANIE"},"content":{"rendered":"\n<style type=\"text\/css\" data-created_by=\"avia_inline_auto\" id=\"style-css-av-145nae-5008813bfcfe81a7c53fe8b3e144dd5b\">\n.avia-section.av-145nae-5008813bfcfe81a7c53fe8b3e144dd5b{\nbackground-color:#bd787d;\nbackground-image:unset;\n}\n.avia-section.av-145nae-5008813bfcfe81a7c53fe8b3e144dd5b .av-extra-border-element .av-extra-border-inner{\nbackground-color:#bd787d;\n}\n<\/style>\n<div id='av_section_1'  class='avia-section av-145nae-5008813bfcfe81a7c53fe8b3e144dd5b main_color avia-section-default avia-no-border-styling  avia-builder-el-0  el_before_av_section  avia-builder-el-first  avia-bg-style-scroll av-arrow-down-section av-minimum-height av-minimum-height-custom av-height-custom  container_wrap fullsize'   data-av_minimum_height_px='350'><div class='container av-section-cont-open' style='height:350px'><main  role=\"main\" itemprop=\"mainContentOfPage\"  class='template-page content  av-content-full alpha units'><div class='post-entry post-entry-type-page post-entry-869'><div class='entry-content-wrapper clearfix'>\n\n<style type=\"text\/css\" data-created_by=\"avia_inline_auto\" id=\"style-css-av-jgf3pjem-090cbe0990f711a2ac1ba0f4aa1d52b2\">\n#top .flex_column.av-jgf3pjem-090cbe0990f711a2ac1ba0f4aa1d52b2{\nmargin-top:0px;\nmargin-bottom:0px;\n}\n.flex_column.av-jgf3pjem-090cbe0990f711a2ac1ba0f4aa1d52b2{\nborder-radius:0px 0px 0px 0px;\npadding:0px 0px 0px 0px;\n}\n.responsive #top #wrap_all .flex_column.av-jgf3pjem-090cbe0990f711a2ac1ba0f4aa1d52b2{\nmargin-top:0px;\nmargin-bottom:0px;\n}\n<\/style>\n<div  class='flex_column av-jgf3pjem-090cbe0990f711a2ac1ba0f4aa1d52b2 av_one_full  avia-builder-el-1  avia-builder-el-no-sibling  first flex_column_div av-animated-generic left-to-right av-zero-column-padding  '     ><style type=\"text\/css\" data-created_by=\"avia_inline_auto\" id=\"style-css-av-jti60gws-ce8befae318f998e1931ae90e25e033d\">\n#top .av-special-heading.av-jti60gws-ce8befae318f998e1931ae90e25e033d{\nmargin:0 0 0 0;\npadding-bottom:0;\ncolor:#ffffff;\nfont-size:80px;\n}\nbody .av-special-heading.av-jti60gws-ce8befae318f998e1931ae90e25e033d .av-special-heading-tag .heading-char{\nfont-size:25px;\n}\n#top #wrap_all .av-special-heading.av-jti60gws-ce8befae318f998e1931ae90e25e033d .av-special-heading-tag{\nfont-size:80px;\n}\n.av-special-heading.av-jti60gws-ce8befae318f998e1931ae90e25e033d .special-heading-inner-border{\nborder-color:#ffffff;\n}\n.av-special-heading.av-jti60gws-ce8befae318f998e1931ae90e25e033d .av-subheading{\nfont-size:20px;\n}\n\n@media only screen and (min-width: 480px) and (max-width: 767px){ \n#top #wrap_all .av-special-heading.av-jti60gws-ce8befae318f998e1931ae90e25e033d .av-special-heading-tag{\nfont-size:0.8em;\n}\n}\n\n@media only screen and (max-width: 479px){ \n#top #wrap_all .av-special-heading.av-jti60gws-ce8befae318f998e1931ae90e25e033d .av-special-heading-tag{\nfont-size:0.8em;\n}\n}\n<\/style>\n<div  class='av-special-heading av-jti60gws-ce8befae318f998e1931ae90e25e033d av-special-heading-h1 custom-color-heading blockquote modern-quote modern-centered  avia-builder-el-2  avia-builder-el-no-sibling  av-inherit-size'><h1 class='av-special-heading-tag '  itemprop=\"headline\"  >Melanie<\/h1><div class=\"special-heading-border\"><div class=\"special-heading-inner-border\"><\/div><\/div><\/div><\/div>\n\n<\/div><\/div><\/main><!-- close content main element --><\/div><div class='av-extra-border-element border-extra-arrow-down'><div class='av-extra-border-outer'><div class='av-extra-border-inner'><\/div><\/div><\/div><\/div><div id='av_section_2'  class='avia-section av-145nae-37213e1dd815cc61f242e6bab2331955 main_color avia-section-large avia-no-shadow  avia-builder-el-3  el_after_av_section  el_before_av_layout_row  avia-bg-style-scroll container_wrap fullsize'  ><div class='container av-section-cont-open' ><div class='template-page content  av-content-full alpha units'><div class='post-entry post-entry-type-page post-entry-869'><div class='entry-content-wrapper clearfix'>\n\n<style type=\"text\/css\" data-created_by=\"avia_inline_auto\" id=\"style-css-av-1kbp16-3421f18de359c4df72201708db8118ca\">\n.flex_column.av-1kbp16-3421f18de359c4df72201708db8118ca{\nborder-radius:0px 0px 0px 0px;\npadding:0px 0px 0px 0px;\n}\n<\/style>\n<div  class='flex_column av-1kbp16-3421f18de359c4df72201708db8118ca av_one_full  avia-builder-el-4  avia-builder-el-no-sibling  first flex_column_div av-animated-generic bottom-to-top av-zero-column-padding  '     ><p>\n<style type=\"text\/css\" data-created_by=\"avia_inline_auto\" id=\"style-css-av-emx19-794e3533bc13032b5a97ce2ca8e1a480\">\n#top .av-special-heading.av-emx19-794e3533bc13032b5a97ce2ca8e1a480{\npadding-bottom:10px;\nfont-size:50px;\n}\nbody .av-special-heading.av-emx19-794e3533bc13032b5a97ce2ca8e1a480 .av-special-heading-tag .heading-char{\nfont-size:25px;\n}\n#top #wrap_all .av-special-heading.av-emx19-794e3533bc13032b5a97ce2ca8e1a480 .av-special-heading-tag{\nfont-size:50px;\n}\n.av-special-heading.av-emx19-794e3533bc13032b5a97ce2ca8e1a480 .av-subheading{\nfont-size:20px;\n}\n\n@media only screen and (min-width: 480px) and (max-width: 767px){ \n#top #wrap_all .av-special-heading.av-emx19-794e3533bc13032b5a97ce2ca8e1a480 .av-special-heading-tag{\nfont-size:0.8em;\n}\n}\n\n@media only screen and (max-width: 479px){ \n#top #wrap_all .av-special-heading.av-emx19-794e3533bc13032b5a97ce2ca8e1a480 .av-special-heading-tag{\nfont-size:0.8em;\n}\n}\n<\/style>\n<div  class='av-special-heading av-emx19-794e3533bc13032b5a97ce2ca8e1a480 av-special-heading-h2 blockquote modern-quote modern-centered  avia-builder-el-5  el_before_av_hr  avia-builder-el-first  av-inherit-size'><h2 class='av-special-heading-tag '  itemprop=\"headline\"  >Deine Gedanken erschaffen deine Realit\u00e4t<\/h2><div class=\"special-heading-border\"><div class=\"special-heading-inner-border\"><\/div><\/div><\/div><br \/>\n\n<style type=\"text\/css\" data-created_by=\"avia_inline_auto\" id=\"style-css-av-jfjntthx-29b14ae13e3d4f5fe26eb43fe90b6ce3\">\n#top .hr.av-jfjntthx-29b14ae13e3d4f5fe26eb43fe90b6ce3{\nmargin-top:30px;\nmargin-bottom:30px;\n}\n.hr.av-jfjntthx-29b14ae13e3d4f5fe26eb43fe90b6ce3 .hr-inner{\nwidth:50px;\nborder-color:#bd787d;\nmax-width:45%;\n}\n.hr.av-jfjntthx-29b14ae13e3d4f5fe26eb43fe90b6ce3 .av-seperator-icon{\ncolor:#bd787d;\n}\n.hr.av-jfjntthx-29b14ae13e3d4f5fe26eb43fe90b6ce3 .av-seperator-icon.avia-svg-icon svg:first-child{\nfill:#bd787d;\nstroke:#bd787d;\n}\n<\/style>\n<div  class='hr av-jfjntthx-29b14ae13e3d4f5fe26eb43fe90b6ce3 hr-custom  avia-builder-el-6  el_after_av_heading  avia-builder-el-last  hr-center hr-icon-yes'><span class='hr-inner inner-border-av-border-thin'><span class=\"hr-inner-style\"><\/span><\/span><span class='av-seperator-icon avia-iconfont avia-font-entypo-fontello' data-av_icon='\ue808' data-av_iconfont='entypo-fontello' ><\/span><span class='hr-inner inner-border-av-border-thin'><span class=\"hr-inner-style\"><\/span><\/span><\/div><\/p><\/div>\n\n<\/div><\/div><\/div><!-- close content main div --><\/div><\/div><div id='av-layout-grid-1'  class='av-layout-grid-container av-81u0ml-8efffba8f9af7cfc4b703663cb41d5e7 entry-content-wrapper main_color av-flex-cells  avia-builder-el-7  el_after_av_section  el_before_av_section  grid-row-not-first  container_wrap fullsize'  >\n\n<style type=\"text\/css\" data-created_by=\"avia_inline_auto\" id=\"style-css-av-skimt-a873b8f847c440a9e6810d1ed567ab37\">\n.flex_cell.av-skimt-a873b8f847c440a9e6810d1ed567ab37{\nvertical-align:middle;\nheight:600px;\nmin-height:600px;\nbackground:url(https:\/\/melanie-vehmeier.de\/wp-content\/uploads\/2019\/03\/Melanie-Vehmeier-Mind-Vision-2.jpg) 50% 0% no-repeat scroll ;\n}\n.responsive #top #wrap_all .flex_cell.av-skimt-a873b8f847c440a9e6810d1ed567ab37{\npadding:180px 60px 180px 60px !important;\n}\n<\/style>\n<div class='flex_cell av-skimt-a873b8f847c440a9e6810d1ed567ab37 av-gridrow-cell av_one_third no_margin  avia-builder-el-8  el_before_av_cell_two_third  avia-builder-el-first  content-align-middle avia-full-contain'  ><div class='flex_cell_inner'><\/div><\/div>\n<style type=\"text\/css\" data-created_by=\"avia_inline_auto\" id=\"style-css-av-7pnuph-133a2fa69c5887b307b566b37b83fed9\">\n.flex_cell.av-7pnuph-133a2fa69c5887b307b566b37b83fed9{\nvertical-align:top;\nheight:600px;\nmin-height:600px;\n}\n.responsive #top #wrap_all .flex_cell.av-7pnuph-133a2fa69c5887b307b566b37b83fed9{\npadding:30px 60px 90px 60px !important;\n}\n<\/style>\n<div class='flex_cell av-7pnuph-133a2fa69c5887b307b566b37b83fed9 av-gridrow-cell av_two_third no_margin  avia-builder-el-9  el_after_av_cell_one_third  avia-builder-el-last  content-align-top'  ><div class='flex_cell_inner'><p>\n<style type=\"text\/css\" data-created_by=\"avia_inline_auto\" id=\"style-css-av-w7md-4f422690aefd2a67038403564796d1a0\">\n#top .av-special-heading.av-w7md-4f422690aefd2a67038403564796d1a0{\npadding-bottom:10px;\nfont-size:50px;\n}\nbody .av-special-heading.av-w7md-4f422690aefd2a67038403564796d1a0 .av-special-heading-tag .heading-char{\nfont-size:25px;\n}\n#top #wrap_all .av-special-heading.av-w7md-4f422690aefd2a67038403564796d1a0 .av-special-heading-tag{\nfont-size:50px;\n}\n.av-special-heading.av-w7md-4f422690aefd2a67038403564796d1a0 .av-subheading{\nfont-size:15px;\n}\n\n@media only screen and (min-width: 480px) and (max-width: 767px){ \n#top #wrap_all .av-special-heading.av-w7md-4f422690aefd2a67038403564796d1a0 .av-special-heading-tag{\nfont-size:0.8em;\n}\n}\n\n@media only screen and (max-width: 479px){ \n#top #wrap_all .av-special-heading.av-w7md-4f422690aefd2a67038403564796d1a0 .av-special-heading-tag{\nfont-size:0.8em;\n}\n}\n<\/style>\n<div  class='av-special-heading av-w7md-4f422690aefd2a67038403564796d1a0 av-special-heading-h2 blockquote modern-quote  avia-builder-el-10  el_before_av_textblock  avia-builder-el-first  av-inherit-size'><h2 class='av-special-heading-tag '  itemprop=\"headline\"  >Melanie Vehmeier<\/h2><div class='av-subheading av-subheading_below'><p>Gr\u00fcnderin von Mind Vision<\/p>\n<\/div><div class=\"special-heading-border\"><div class=\"special-heading-inner-border\"><\/div><\/div><\/div><br \/>\n<section  class='av_textblock_section av-175vxm-e22e4ffddb11577c04a079ca7091053a '   itemscope=\"itemscope\" itemtype=\"https:\/\/schema.org\/CreativeWork\" ><div class='avia_textblock'  itemprop=\"text\" ><p>Meine Initialen <strong>MV<\/strong> stehen ebenso f\u00fcr mein Unterrichtskonzept <strong>Mind Vision<\/strong>.<\/p>\n<p>Als ich 2009 zum ersten Mal <a title=\"Line Free Collection - Honza Blaha\" href=\"http:\/\/www.linefreecollection.cz\/\" target=\"_blank\" rel=\"noopener\">Honza Blaha<\/a> auf der <a title=\"Equitana.com\" href=\"https:\/\/www.equitana.com\/essen\/de-de.html\" target=\"_blank\" rel=\"noopener\">Equitana<\/a> erleben durfte, war fasziniert und dachte mir \u201eWas Honza kann, m\u00f6chte ich auch mit meinem Pferd erreichen\u201c<\/p>\n<p>Ich startete 2010 mit meiner Mind Vision! Freies Reiten &amp; freie Dressur am Boden.<\/p>\n<p>Ich packte mein Pferd ein und nahm an meinem ersten Honza-Kurs teil. Meine Vision, schnell zum erw\u00fcnschten Ziel zu kommen musste ich jedoch ad Akta legen \ud83d\ude09.<br \/>\nViele Stunden voller \u201eAha Erlebnisse\u201c, aber noch mehr Stunden an denen ich mich durch tiefste Frustration buddeln musste, weil mir mein Ego im Weg stand.<\/p>\n<p>IMMER wieder wurde ich h\u00f6chst pers\u00f6nlich von meinem Pferd darauf hingewiesen, dass ich wohl versuchen wolle zu mogeln oder mich vor den Basics zu dr\u00fccken, um vermeidlich schneller ans \u201eZiel\u201c zu kommen.<\/p>\n<p>\u00dcber die Jahre habe ich jedoch von meiner besten Lehrerin \u201e<a title=\"LaPrincessa\" href=\"https:\/\/melanie-vehmeier.de\/?page_id=868\" target=\"_blank\" rel=\"noopener\">LaPrincessa<\/a>\u201c lernen d\u00fcrfen, voll und ganz auf die Gef\u00fchle des Pferdes einzugehen, ihnen zuzuh\u00f6ren aber vor allem ZU WARTEN!!!!<\/p>\n<p>Und pl\u00f6tzlich lieft es mit der Mind Vision.<\/p>\n<p>Keine \u201eLaPrincessa\u201c die ohne mich durch die Halle rennt, weil sie nicht bei mir sein will. V\u00f6llige Selbstverst\u00e4ndlichkeit ohne Hilfsmittel auf ihr zu reiten und sie vom Boden aus, Liberty zu arbeiten.<\/p>\n<p>2016 hat sich die Akademische Reitkunst in mein Leben geschlichen, die mich auf meinem Weg weiter wachsen l\u00e4sst.<\/p>\n<p>Dank Online Unterricht genie\u00dfe ich eine kontinuierliche und professionelle Aus-\/Weiterbildung in der Akademischen Reitkunst durch <a title=\"ekeskogs-ridingacademy.com\/hanna-engstroum\" href=\"https:\/\/www.ekeskogs-ridingacademy.com\/hannasvensk.html\" target=\"_blank\" rel=\"noopener\">Hanna Engstr\u00f6m<\/a><\/p>\n<p>Seit 2018 bin ich lizensierte Trainerin ihres \u201e<a title=\"ekeskogs-ridingacademy.com\/riding-courses\" href=\"https:\/\/www.ekeskogs-ridingacademy.com\/riding-courses.html\" target=\"_blank\" rel=\"noopener\">Seat-Program<\/a>\u201c. Dieses Wissen gebe ich in Workshops oder im allt\u00e4glichen Unterricht an meine Sch\u00fcler weiter (siehe <a title=\"Sitzschulung\" href=\"https:\/\/melanie-vehmeier.de\/?page_id=999\" target=\"_blank\" rel=\"noopener\">Sitzschulung<\/a>).<\/p>\n<p>Mit <a title=\"jordan-naturheilpraxis.de\" href=\"http:\/\/www.jordan-naturheilpraxis.de\/index.htm\" target=\"_blank\" rel=\"noopener\">Dr. Michaela Jordan<\/a>, habe ich eine begnadete Tier\u00e4rztin und hoch begabte Osteopathin \/Heilpraktikerin an meiner Seite, mit der ich mich regelm\u00e4\u00dfig austausche und bei Ihr mein Wissen und mein Auge schule, im Hinblick auf einen gesunden Trainingsweg, den wir zusammen mit den Pferden gehen.<\/p>\n<p>Im September 2021 beginne ich meine Ausbildung zur Pferdeosteopathin beim Institut f\u00fcr energetische Osteopathie nach Salomon.<\/p>\n<p><a href=\"https:\/\/www.osteopathie-institut.com\">EPOS<\/a><\/p>\n<p>Meine Vision ist es, die Bed\u00fcrfnisse meiner Sch\u00fcler und der Pferde zu erkenne, zu verstehen und mit ihnen daran zu Arbeiten und zu wachsen.<\/p>\n<p>Dabei steht der Spa\u00df und die Gesundheit f\u00fcr Pferd und Mensch im Vordergrund.<\/p>\n<p><a title=\"Augenschmaus\" href=\"https:\/\/melanie-vehmeier.de\/?page_id=1126\" target=\"_blank\" rel=\"noopener\">Hier<\/a> findest du ein paar Einblicke in meine Arbeit.<\/p>\n<\/div><\/section><\/p>\n<\/div><\/div><\/div><div id='av_section_3'  class='avia-section av-2j9k3h-3a23916d011af656a445020702bcde6c main_color avia-section-default avia-no-border-styling  avia-builder-el-12  el_after_av_layout_row  el_before_av_section  avia-bg-style-scroll container_wrap fullsize'  ><div class='container av-section-cont-open' ><div class='template-page content  av-content-full alpha units'><div class='post-entry post-entry-type-page post-entry-869'><div class='entry-content-wrapper clearfix'>\n\n<style type=\"text\/css\" data-created_by=\"avia_inline_auto\" id=\"style-css-av-jtfozx40-8f28e996188a034007496404109b2528\">\n#top .hr.hr-invisible.av-jtfozx40-8f28e996188a034007496404109b2528{\nheight:20px;\n}\n<\/style>\n<div  class='hr av-jtfozx40-8f28e996188a034007496404109b2528 hr-invisible  avia-builder-el-13  avia-builder-el-no-sibling '><span class='hr-inner '><span class=\"hr-inner-style\"><\/span><\/span><\/div>\n<\/p>\n<\/div><\/div><\/div><!-- close content main div --><\/div><\/div>\n<style type=\"text\/css\" data-created_by=\"avia_inline_auto\" id=\"style-css-av-jt4omzvb-5a9c933b141feecee365935cc2509bcc\">\n.avia-section.av-jt4omzvb-5a9c933b141feecee365935cc2509bcc{\nbackground-color:#bd787d;\nbackground-image:unset;\nmargin-top:10px;\nmargin-bottom:10px;\n}\n<\/style>\n<div id='av_section_4'  class='avia-section av-jt4omzvb-5a9c933b141feecee365935cc2509bcc main_color avia-section-default avia-no-border-styling  avia-builder-el-14  el_after_av_section  avia-builder-el-last  avia-bg-style-scroll container_wrap fullsize'  ><div class='container av-section-cont-open' ><div class='template-page content  av-content-full alpha units'><div class='post-entry post-entry-type-page post-entry-869'><div class='entry-content-wrapper clearfix'>\n\n<style type=\"text\/css\" data-created_by=\"avia_inline_auto\" id=\"style-css-av-jt4omcz2-ee3d4ca3da0ec7d1e91f0b594aaf33c6\">\n#top .av_textblock_section.av-jt4omcz2-ee3d4ca3da0ec7d1e91f0b594aaf33c6 .avia_textblock{\ncolor:#ffffff;\n}\n<\/style>\n<section  class='av_textblock_section av-jt4omcz2-ee3d4ca3da0ec7d1e91f0b594aaf33c6 '   itemscope=\"itemscope\" itemtype=\"https:\/\/schema.org\/CreativeWork\" ><div class='avia_textblock av_inherit_color'  itemprop=\"text\" ><h1 style=\"text-align: center;\">\u201eDas wahre Wissen<br \/>\nkommt immer aus dem Herzen\u201c<\/h1>\n<p style=\"text-align: center;\"><em>Leonardo da Vinci<\/em><\/p>\n<\/div><\/section>\n","protected":false},"excerpt":{"rendered":"","protected":false},"author":2,"featured_media":0,"parent":154,"menu_order":1,"comment_status":"closed","ping_status":"closed","template":"","meta":{"footnotes":""},"class_list":["post-869","page","type-page","status-publish","hentry"],"_links":{"self":[{"href":"https:\/\/melanie-vehmeier.de\/index.php?rest_route=\/wp\/v2\/pages\/869","targetHints":{"allow":["GET"]}}],"collection":[{"href":"https:\/\/melanie-vehmeier.de\/index.php?rest_route=\/wp\/v2\/pages"}],"about":[{"href":"https:\/\/melanie-vehmeier.de\/index.php?rest_route=\/wp\/v2\/types\/page"}],"author":[{"embeddable":true,"href":"https:\/\/melanie-vehmeier.de\/index.php?rest_route=\/wp\/v2\/users\/2"}],"replies":[{"embeddable":true,"href":"https:\/\/melanie-vehmeier.de\/index.php?rest_route=%2Fwp%2Fv2%2Fcomments&post=869"}],"version-history":[{"count":3,"href":"https:\/\/melanie-vehmeier.de\/index.php?rest_route=\/wp\/v2\/pages\/869\/revisions"}],"predecessor-version":[{"id":2634,"href":"https:\/\/melanie-vehmeier.de\/index.php?rest_route=\/wp\/v2\/pages\/869\/revisions\/2634"}],"up":[{"embeddable":true,"href":"https:\/\/melanie-vehmeier.de\/index.php?rest_route=\/wp\/v2\/pages\/154"}],"wp:attachment":[{"href":"https:\/\/melanie-vehmeier.de\/index.php?rest_route=%2Fwp%2Fv2%2Fmedia&parent=869"}],"curies":[{"name":"wp","href":"https:\/\/api.w.org\/{rel}","templated":true}]}}