{"id":2446,"date":"2020-04-05T15:11:42","date_gmt":"2020-04-05T13:11:42","guid":{"rendered":"https:\/\/melanie-vehmeier.de\/?page_id=2446"},"modified":"2023-07-03T09:51:30","modified_gmt":"2023-07-03T07:51:30","slug":"podcast-pferdegedoens","status":"publish","type":"page","link":"https:\/\/melanie-vehmeier.de\/?page_id=2446","title":{"rendered":"PODCAST &#8222;PFERDEGED\u00d6NS&#8220;"},"content":{"rendered":"\n<style type=\"text\/css\" data-created_by=\"avia_inline_auto\" id=\"style-css-av-145nae-5008813bfcfe81a7c53fe8b3e144dd5b\">\n.avia-section.av-145nae-5008813bfcfe81a7c53fe8b3e144dd5b{\nbackground-color:#bd787d;\nbackground-image:unset;\n}\n.avia-section.av-145nae-5008813bfcfe81a7c53fe8b3e144dd5b .av-extra-border-element .av-extra-border-inner{\nbackground-color:#bd787d;\n}\n<\/style>\n<div id='av_section_1'  class='avia-section av-145nae-5008813bfcfe81a7c53fe8b3e144dd5b main_color avia-section-default avia-no-border-styling  avia-builder-el-0  el_before_av_section  avia-builder-el-first  avia-bg-style-scroll av-arrow-down-section av-minimum-height av-minimum-height-custom av-height-custom  container_wrap fullsize'   data-av_minimum_height_px='350'><div class='container av-section-cont-open' style='height:350px'><main  role=\"main\" itemprop=\"mainContentOfPage\"  class='template-page content  av-content-full alpha units'><div class='post-entry post-entry-type-page post-entry-2446'><div class='entry-content-wrapper clearfix'>\n\n<style type=\"text\/css\" data-created_by=\"avia_inline_auto\" id=\"style-css-av-jgf3pjem-090cbe0990f711a2ac1ba0f4aa1d52b2\">\n#top .flex_column.av-jgf3pjem-090cbe0990f711a2ac1ba0f4aa1d52b2{\nmargin-top:0px;\nmargin-bottom:0px;\n}\n.flex_column.av-jgf3pjem-090cbe0990f711a2ac1ba0f4aa1d52b2{\nborder-radius:0px 0px 0px 0px;\npadding:0px 0px 0px 0px;\n}\n.responsive #top #wrap_all .flex_column.av-jgf3pjem-090cbe0990f711a2ac1ba0f4aa1d52b2{\nmargin-top:0px;\nmargin-bottom:0px;\n}\n<\/style>\n<div  class='flex_column av-jgf3pjem-090cbe0990f711a2ac1ba0f4aa1d52b2 av_one_full  avia-builder-el-1  avia-builder-el-no-sibling  first flex_column_div av-animated-generic left-to-right av-zero-column-padding  '     ><style type=\"text\/css\" data-created_by=\"avia_inline_auto\" id=\"style-css-av-k8n1usfe-41a22118463d798cb4071f3893cbc8d6\">\n#top .av-special-heading.av-k8n1usfe-41a22118463d798cb4071f3893cbc8d6{\nmargin:0 0 0 0;\npadding-bottom:0;\ncolor:#ffffff;\nfont-size:80px;\n}\nbody .av-special-heading.av-k8n1usfe-41a22118463d798cb4071f3893cbc8d6 .av-special-heading-tag .heading-char{\nfont-size:25px;\n}\n#top #wrap_all .av-special-heading.av-k8n1usfe-41a22118463d798cb4071f3893cbc8d6 .av-special-heading-tag{\nfont-size:80px;\n}\n.av-special-heading.av-k8n1usfe-41a22118463d798cb4071f3893cbc8d6 .special-heading-inner-border{\nborder-color:#ffffff;\n}\n.av-special-heading.av-k8n1usfe-41a22118463d798cb4071f3893cbc8d6 .av-subheading{\nfont-size:25px;\n}\n\n@media only screen and (min-width: 480px) and (max-width: 767px){ \n#top #wrap_all .av-special-heading.av-k8n1usfe-41a22118463d798cb4071f3893cbc8d6 .av-special-heading-tag{\nfont-size:0.8em;\n}\n}\n\n@media only screen and (max-width: 479px){ \n#top #wrap_all .av-special-heading.av-k8n1usfe-41a22118463d798cb4071f3893cbc8d6 .av-special-heading-tag{\nfont-size:0.8em;\n}\n}\n<\/style>\n<div  class='av-special-heading av-k8n1usfe-41a22118463d798cb4071f3893cbc8d6 av-special-heading-h1 custom-color-heading blockquote modern-quote modern-centered  avia-builder-el-2  avia-builder-el-no-sibling  av-inherit-size'><h1 class='av-special-heading-tag '  itemprop=\"headline\"  >Pferdeged\u00f6ns<\/h1><div class='av_custom_color av-subheading av-subheading_below'><p>Podcast<\/p>\n<\/div><div class=\"special-heading-border\"><div class=\"special-heading-inner-border\"><\/div><\/div><\/div><\/div>\n\n<\/div><\/div><\/main><!-- close content main element --><\/div><div class='av-extra-border-element border-extra-arrow-down'><div class='av-extra-border-outer'><div class='av-extra-border-inner'><\/div><\/div><\/div><\/div><div id='av_section_2'  class='avia-section av-145nae-2-3bc309b5108e1566928244ae5e0d2e14 main_color avia-section-huge avia-no-shadow  avia-builder-el-3  el_after_av_section  el_before_av_one_fifth  avia-bg-style-scroll container_wrap fullsize'  ><div class='container av-section-cont-open' ><div class='template-page content  av-content-full alpha units'><div class='post-entry post-entry-type-page post-entry-2446'><div class='entry-content-wrapper clearfix'>\n\n<style type=\"text\/css\" data-created_by=\"avia_inline_auto\" id=\"style-css-av-1kbp16-3421f18de359c4df72201708db8118ca\">\n.flex_column.av-1kbp16-3421f18de359c4df72201708db8118ca{\nborder-radius:0px 0px 0px 0px;\npadding:0px 0px 0px 0px;\n}\n<\/style>\n<div  class='flex_column av-1kbp16-3421f18de359c4df72201708db8118ca av_one_half  avia-builder-el-4  el_before_av_one_half  avia-builder-el-first  first flex_column_div av-animated-generic bottom-to-top av-zero-column-padding  '     ><p>\n<style type=\"text\/css\" data-created_by=\"avia_inline_auto\" id=\"style-css-av-k8n1vffa-2943d6d6e6cb33165297ed4c8149048d\">\n#top .av-special-heading.av-k8n1vffa-2943d6d6e6cb33165297ed4c8149048d{\npadding-bottom:10px;\nfont-size:50px;\n}\nbody .av-special-heading.av-k8n1vffa-2943d6d6e6cb33165297ed4c8149048d .av-special-heading-tag .heading-char{\nfont-size:25px;\n}\n#top #wrap_all .av-special-heading.av-k8n1vffa-2943d6d6e6cb33165297ed4c8149048d .av-special-heading-tag{\nfont-size:50px;\n}\n.av-special-heading.av-k8n1vffa-2943d6d6e6cb33165297ed4c8149048d .av-subheading{\nfont-size:18px;\n}\n\n@media only screen and (min-width: 480px) and (max-width: 767px){ \n#top #wrap_all .av-special-heading.av-k8n1vffa-2943d6d6e6cb33165297ed4c8149048d .av-special-heading-tag{\nfont-size:0.8em;\n}\n}\n\n@media only screen and (max-width: 479px){ \n#top #wrap_all .av-special-heading.av-k8n1vffa-2943d6d6e6cb33165297ed4c8149048d .av-special-heading-tag{\nfont-size:0.8em;\n}\n}\n<\/style>\n<div  class='av-special-heading av-k8n1vffa-2943d6d6e6cb33165297ed4c8149048d av-special-heading-h2 blockquote modern-quote  avia-builder-el-5  el_before_av_hr  avia-builder-el-first  av-inherit-size'><h2 class='av-special-heading-tag '  itemprop=\"headline\"  >Neu <span class='special_amp'>&amp;<\/span> Informativ<\/h2><div class=\"special-heading-border\"><div class=\"special-heading-inner-border\"><\/div><\/div><\/div><br \/>\n\n<style type=\"text\/css\" data-created_by=\"avia_inline_auto\" id=\"style-css-av-jfjntthx-1bab9897f2df8f89e5687aeb99cb6cb7\">\n#top .hr.av-jfjntthx-1bab9897f2df8f89e5687aeb99cb6cb7{\nmargin-top:30px;\nmargin-bottom:30px;\n}\n.hr.av-jfjntthx-1bab9897f2df8f89e5687aeb99cb6cb7 .hr-inner{\nwidth:50px;\nborder-color:#bd787d;\n}\n<\/style>\n<div  class='hr av-jfjntthx-1bab9897f2df8f89e5687aeb99cb6cb7 hr-custom  avia-builder-el-6  el_after_av_heading  el_before_av_textblock  hr-left hr-icon-no'><span class='hr-inner inner-border-av-border-thin'><span class=\"hr-inner-style\"><\/span><\/span><\/div><br \/>\n<section  class='av_textblock_section av-175vxm-7f3c72646d03b1909db2962c49445551 '   itemscope=\"itemscope\" itemtype=\"https:\/\/schema.org\/CreativeWork\" ><div class='avia_textblock'  itemprop=\"text\" ><p>H\u00f6r\u00b4 doch mal rein beim <a href=\"http:\/\/www.pferdegedoens-podcast.de\">Podcast &#8222;Pferdeged\u00f6ns&#8220;<\/a>, den <a href=\"http:\/\/www.wholihorse.com\">Julia Weller<\/a> und ich zusammen gestalten.<\/p>\n<p>Wir sprechen \u00fcber alle Themen rund ums Pferd, die uns bewegen.<\/p>\n<p>In jeder Folge unterhalten wir uns \u00fcber ein Schwerpunktthema und laden uns dazu tolle G\u00e4ste ein: ob Therapeutin, ganzheitlich arbeitende Tier\u00e4rztin oder K\u00fcnstlerin &#8211; wir haben viele interessante Menschen mit spannenden Pferdegeschichten an Bord!<\/p>\n<\/div><\/section><\/p><\/div>\n<style type=\"text\/css\" data-created_by=\"avia_inline_auto\" id=\"style-css-av-1kbp16-1-fbb4188d87a6d51d28fa6f7df17132aa\">\n.flex_column.av-1kbp16-1-fbb4188d87a6d51d28fa6f7df17132aa{\nborder-radius:0px 0px 0px 0px;\npadding:0px 0px 0px 0px;\n}\n<\/style>\n<div  class='flex_column av-1kbp16-1-fbb4188d87a6d51d28fa6f7df17132aa av_one_half  avia-builder-el-8  el_after_av_one_half  avia-builder-el-last  flex_column_div av-animated-generic bottom-to-top av-zero-column-padding  '     ><style type=\"text\/css\" data-created_by=\"avia_inline_auto\" id=\"style-css-av-jsz3hwz3-7ed417466b18d43d0f50e0ed177f4348\">\n.avia-image-container.av-jsz3hwz3-7ed417466b18d43d0f50e0ed177f4348 img.avia_image{\nbox-shadow:none;\n}\n.avia-image-container.av-jsz3hwz3-7ed417466b18d43d0f50e0ed177f4348 .av-image-caption-overlay-center{\ncolor:#ffffff;\n}\n<\/style>\n<div  class='avia-image-container av-jsz3hwz3-7ed417466b18d43d0f50e0ed177f4348 av-styling- av-hover-grow avia-align-center  avia-builder-el-9  avia-builder-el-no-sibling '   itemprop=\"image\" itemscope=\"itemscope\" itemtype=\"https:\/\/schema.org\/ImageObject\" ><div class=\"avia-image-container-inner\"><div class=\"avia-image-overlay-wrap\"><img decoding=\"async\" fetchpriority=\"high\" class='wp-image-2447 avia-img-lazy-loading-not-2447 avia_image ' src=\"https:\/\/melanie-vehmeier.de\/wp-content\/uploads\/2020\/04\/Melli-und-Julia-Pferdegedoens-Podcast.jpeg\" alt='Melli und Julia Pferdegedoens Podcast' title='Melli und Julia Pferdegedoens Podcast'  height=\"1106\" width=\"1600\"  itemprop=\"thumbnailUrl\" srcset=\"https:\/\/melanie-vehmeier.de\/wp-content\/uploads\/2020\/04\/Melli-und-Julia-Pferdegedoens-Podcast.jpeg 1600w, https:\/\/melanie-vehmeier.de\/wp-content\/uploads\/2020\/04\/Melli-und-Julia-Pferdegedoens-Podcast-300x207.jpeg 300w, https:\/\/melanie-vehmeier.de\/wp-content\/uploads\/2020\/04\/Melli-und-Julia-Pferdegedoens-Podcast-768x531.jpeg 768w, https:\/\/melanie-vehmeier.de\/wp-content\/uploads\/2020\/04\/Melli-und-Julia-Pferdegedoens-Podcast-1024x708.jpeg 1024w, https:\/\/melanie-vehmeier.de\/wp-content\/uploads\/2020\/04\/Melli-und-Julia-Pferdegedoens-Podcast-450x311.jpeg 450w, https:\/\/melanie-vehmeier.de\/wp-content\/uploads\/2020\/04\/Melli-und-Julia-Pferdegedoens-Podcast-1500x1037.jpeg 1500w, https:\/\/melanie-vehmeier.de\/wp-content\/uploads\/2020\/04\/Melli-und-Julia-Pferdegedoens-Podcast-705x487.jpeg 705w\" sizes=\"(max-width: 1600px) 100vw, 1600px\" \/><\/div><\/div><\/div><\/div>\n<\/div><\/div><\/div><!-- close content main div --><\/div><\/div><div id='after_section_2'  class='main_color av_default_container_wrap container_wrap fullsize'  ><div class='container av-section-cont-open' ><div class='template-page content  av-content-full alpha units'><div class='post-entry post-entry-type-page post-entry-2446'><div class='entry-content-wrapper clearfix'>\n\n<style type=\"text\/css\" data-created_by=\"avia_inline_auto\" id=\"style-css-av-6k87ku-7a5d74213aaf396abd7c05c68b99510e\">\n.flex_column.av-6k87ku-7a5d74213aaf396abd7c05c68b99510e{\nborder-radius:0px 0px 0px 0px;\npadding:0px 0px 0px 0px;\n}\n<\/style>\n<div  class='flex_column av-6k87ku-7a5d74213aaf396abd7c05c68b99510e av_one_fifth  avia-builder-el-10  el_after_av_section  el_before_av_three_fifth  avia-builder-el-first  first flex_column_div av-zero-column-padding  '     ><\/div>\n\n<style type=\"text\/css\" data-created_by=\"avia_inline_auto\" id=\"style-css-av-43wc9q-d5d75f29e0c5d87aab429306defc9e44\">\n.flex_column.av-43wc9q-d5d75f29e0c5d87aab429306defc9e44{\nborder-radius:0px 0px 0px 0px;\npadding:0px 0px 0px 0px;\n}\n<\/style>\n<div  class='flex_column av-43wc9q-d5d75f29e0c5d87aab429306defc9e44 av_three_fifth  avia-builder-el-11  el_after_av_one_fifth  el_before_av_one_fifth  flex_column_div av-zero-column-padding  '     ><\/div>\n<style type=\"text\/css\" data-created_by=\"avia_inline_auto\" id=\"style-css-av-2cw1bi-cee493bbefa8f84ef7ca97fe47912326\">\n.flex_column.av-2cw1bi-cee493bbefa8f84ef7ca97fe47912326{\nborder-radius:0px 0px 0px 0px;\npadding:0px 0px 0px 0px;\n}\n<\/style>\n<div  class='flex_column av-2cw1bi-cee493bbefa8f84ef7ca97fe47912326 av_one_fifth  avia-builder-el-13  el_after_av_three_fifth  avia-builder-el-last  flex_column_div av-zero-column-padding  '     ><\/div><\/p>","protected":false},"excerpt":{"rendered":"","protected":false},"author":2,"featured_media":0,"parent":0,"menu_order":0,"comment_status":"closed","ping_status":"closed","template":"","meta":{"footnotes":""},"class_list":["post-2446","page","type-page","status-publish","hentry"],"_links":{"self":[{"href":"https:\/\/melanie-vehmeier.de\/index.php?rest_route=\/wp\/v2\/pages\/2446","targetHints":{"allow":["GET"]}}],"collection":[{"href":"https:\/\/melanie-vehmeier.de\/index.php?rest_route=\/wp\/v2\/pages"}],"about":[{"href":"https:\/\/melanie-vehmeier.de\/index.php?rest_route=\/wp\/v2\/types\/page"}],"author":[{"embeddable":true,"href":"https:\/\/melanie-vehmeier.de\/index.php?rest_route=\/wp\/v2\/users\/2"}],"replies":[{"embeddable":true,"href":"https:\/\/melanie-vehmeier.de\/index.php?rest_route=%2Fwp%2Fv2%2Fcomments&post=2446"}],"version-history":[{"count":2,"href":"https:\/\/melanie-vehmeier.de\/index.php?rest_route=\/wp\/v2\/pages\/2446\/revisions"}],"predecessor-version":[{"id":2457,"href":"https:\/\/melanie-vehmeier.de\/index.php?rest_route=\/wp\/v2\/pages\/2446\/revisions\/2457"}],"wp:attachment":[{"href":"https:\/\/melanie-vehmeier.de\/index.php?rest_route=%2Fwp%2Fv2%2Fmedia&parent=2446"}],"curies":[{"name":"wp","href":"https:\/\/api.w.org\/{rel}","templated":true}]}}