{"id":1119,"date":"2019-03-04T18:26:10","date_gmt":"2019-03-04T17:26:10","guid":{"rendered":"https:\/\/melanie-vehmeier.de\/?page_id=1119"},"modified":"2021-03-17T17:13:19","modified_gmt":"2021-03-17T16:13:19","slug":"schu%cc%88lergeflu%cc%88ster","status":"publish","type":"page","link":"https:\/\/melanie-vehmeier.de\/?page_id=1119","title":{"rendered":"SCHU\u0308LERGEFLU\u0308STER"},"content":{"rendered":"\n<style type=\"text\/css\" data-created_by=\"avia_inline_auto\" id=\"style-css-av-145nae-5008813bfcfe81a7c53fe8b3e144dd5b\">\n.avia-section.av-145nae-5008813bfcfe81a7c53fe8b3e144dd5b{\nbackground-color:#bd787d;\nbackground-image:unset;\n}\n.avia-section.av-145nae-5008813bfcfe81a7c53fe8b3e144dd5b .av-extra-border-element .av-extra-border-inner{\nbackground-color:#bd787d;\n}\n<\/style>\n<div id='av_section_1'  class='avia-section av-145nae-5008813bfcfe81a7c53fe8b3e144dd5b main_color avia-section-default avia-no-border-styling  avia-builder-el-0  el_before_av_section  avia-builder-el-first  avia-bg-style-scroll av-arrow-down-section av-minimum-height av-minimum-height-custom av-height-custom  container_wrap fullsize'   data-av_minimum_height_px='350'><div class='container av-section-cont-open' style='height:350px'><main  role=\"main\" itemprop=\"mainContentOfPage\"  class='template-page content  av-content-full alpha units'><div class='post-entry post-entry-type-page post-entry-1119'><div class='entry-content-wrapper clearfix'>\n\n<style type=\"text\/css\" data-created_by=\"avia_inline_auto\" id=\"style-css-av-jgf3pjem-090cbe0990f711a2ac1ba0f4aa1d52b2\">\n#top .flex_column.av-jgf3pjem-090cbe0990f711a2ac1ba0f4aa1d52b2{\nmargin-top:0px;\nmargin-bottom:0px;\n}\n.flex_column.av-jgf3pjem-090cbe0990f711a2ac1ba0f4aa1d52b2{\nborder-radius:0px 0px 0px 0px;\npadding:0px 0px 0px 0px;\n}\n.responsive #top #wrap_all .flex_column.av-jgf3pjem-090cbe0990f711a2ac1ba0f4aa1d52b2{\nmargin-top:0px;\nmargin-bottom:0px;\n}\n<\/style>\n<div  class='flex_column av-jgf3pjem-090cbe0990f711a2ac1ba0f4aa1d52b2 av_one_full  avia-builder-el-1  avia-builder-el-no-sibling  first flex_column_div av-animated-generic left-to-right av-zero-column-padding  '     ><style type=\"text\/css\" data-created_by=\"avia_inline_auto\" id=\"style-css-av-jtj0bs7q-5a023746ccfe91ea4b7cfe43125e9aa6\">\n#top .av-special-heading.av-jtj0bs7q-5a023746ccfe91ea4b7cfe43125e9aa6{\nmargin:0 0 0 0;\npadding-bottom:0;\ncolor:#ffffff;\nfont-size:80px;\n}\nbody .av-special-heading.av-jtj0bs7q-5a023746ccfe91ea4b7cfe43125e9aa6 .av-special-heading-tag .heading-char{\nfont-size:25px;\n}\n#top #wrap_all .av-special-heading.av-jtj0bs7q-5a023746ccfe91ea4b7cfe43125e9aa6 .av-special-heading-tag{\nfont-size:80px;\n}\n.av-special-heading.av-jtj0bs7q-5a023746ccfe91ea4b7cfe43125e9aa6 .special-heading-inner-border{\nborder-color:#ffffff;\n}\n.av-special-heading.av-jtj0bs7q-5a023746ccfe91ea4b7cfe43125e9aa6 .av-subheading{\nfont-size:20px;\n}\n\n@media only screen and (min-width: 480px) and (max-width: 767px){ \n#top #wrap_all .av-special-heading.av-jtj0bs7q-5a023746ccfe91ea4b7cfe43125e9aa6 .av-special-heading-tag{\nfont-size:0.8em;\n}\n}\n\n@media only screen and (max-width: 479px){ \n#top #wrap_all .av-special-heading.av-jtj0bs7q-5a023746ccfe91ea4b7cfe43125e9aa6 .av-special-heading-tag{\nfont-size:0.8em;\n}\n}\n<\/style>\n<div  class='av-special-heading av-jtj0bs7q-5a023746ccfe91ea4b7cfe43125e9aa6 av-special-heading-h1 custom-color-heading blockquote modern-quote modern-centered  avia-builder-el-2  avia-builder-el-no-sibling  av-inherit-size'><h1 class='av-special-heading-tag '  itemprop=\"headline\"  >Sch\u00fclergefl\u00fcster<\/h1><div class='av_custom_color av-subheading av-subheading_below'><p>Kundenstimmen<\/p>\n<\/div><div class=\"special-heading-border\"><div class=\"special-heading-inner-border\"><\/div><\/div><\/div><\/div>\n\n<\/div><\/div><\/main><!-- close content main element --><\/div><div class='av-extra-border-element border-extra-arrow-down'><div class='av-extra-border-outer'><div class='av-extra-border-inner'><\/div><\/div><\/div><\/div><div id='av_section_2'  class='avia-section av-145nae-58d8274db8f872266f2b142ded7c9498 main_color avia-section-default avia-no-shadow  avia-builder-el-3  el_after_av_section  el_before_av_section  avia-bg-style-scroll container_wrap fullsize'  ><div class='container av-section-cont-open' ><div class='template-page content  av-content-full alpha units'><div class='post-entry post-entry-type-page post-entry-1119'><div class='entry-content-wrapper clearfix'>\n\n<style type=\"text\/css\" data-created_by=\"avia_inline_auto\" id=\"style-css-av-1kbp16-3421f18de359c4df72201708db8118ca\">\n.flex_column.av-1kbp16-3421f18de359c4df72201708db8118ca{\nborder-radius:0px 0px 0px 0px;\npadding:0px 0px 0px 0px;\n}\n<\/style>\n<div  class='flex_column av-1kbp16-3421f18de359c4df72201708db8118ca av_one_full  avia-builder-el-4  el_before_av_one_fifth  avia-builder-el-first  first flex_column_div av-animated-generic bottom-to-top av-zero-column-padding  '     ><p>\n<style type=\"text\/css\" data-created_by=\"avia_inline_auto\" id=\"style-css-av-6t0b3-005f341fe9c4c5697e3ef6b5e87d51ab\">\n#top .av-special-heading.av-6t0b3-005f341fe9c4c5697e3ef6b5e87d51ab{\npadding-bottom:10px;\nfont-size:50px;\n}\nbody .av-special-heading.av-6t0b3-005f341fe9c4c5697e3ef6b5e87d51ab .av-special-heading-tag .heading-char{\nfont-size:25px;\n}\n#top #wrap_all .av-special-heading.av-6t0b3-005f341fe9c4c5697e3ef6b5e87d51ab .av-special-heading-tag{\nfont-size:50px;\n}\n.av-special-heading.av-6t0b3-005f341fe9c4c5697e3ef6b5e87d51ab .av-subheading{\nfont-size:18px;\n}\n\n@media only screen and (min-width: 480px) and (max-width: 767px){ \n#top #wrap_all .av-special-heading.av-6t0b3-005f341fe9c4c5697e3ef6b5e87d51ab .av-special-heading-tag{\nfont-size:0.8em;\n}\n}\n\n@media only screen and (max-width: 479px){ \n#top #wrap_all .av-special-heading.av-6t0b3-005f341fe9c4c5697e3ef6b5e87d51ab .av-special-heading-tag{\nfont-size:0.8em;\n}\n}\n<\/style>\n<div  class='av-special-heading av-6t0b3-005f341fe9c4c5697e3ef6b5e87d51ab av-special-heading-h2 blockquote modern-quote modern-centered  avia-builder-el-5  el_before_av_hr  avia-builder-el-first  av-inherit-size'><h2 class='av-special-heading-tag '  itemprop=\"headline\"  >Freude ist die Essenz des Erfolgs<\/h2><div class=\"special-heading-border\"><div class=\"special-heading-inner-border\"><\/div><\/div><\/div><br \/>\n\n<style type=\"text\/css\" data-created_by=\"avia_inline_auto\" id=\"style-css-av-jfjntthx-7d787514a77c207ee4aedf837dd929cf\">\n#top .hr.av-jfjntthx-7d787514a77c207ee4aedf837dd929cf{\nmargin-top:30px;\nmargin-bottom:30px;\n}\n.hr.av-jfjntthx-7d787514a77c207ee4aedf837dd929cf .hr-inner{\nwidth:50px;\nborder-color:#bd787d;\nmax-width:45%;\n}\n.hr.av-jfjntthx-7d787514a77c207ee4aedf837dd929cf .av-seperator-icon{\ncolor:#bd787d;\n}\n.hr.av-jfjntthx-7d787514a77c207ee4aedf837dd929cf .av-seperator-icon.avia-svg-icon svg:first-child{\nfill:#bd787d;\nstroke:#bd787d;\n}\n<\/style>\n<div  class='hr av-jfjntthx-7d787514a77c207ee4aedf837dd929cf hr-custom  avia-builder-el-6  el_after_av_heading  avia-builder-el-last  hr-center hr-icon-yes'><span class='hr-inner inner-border-av-border-thin'><span class=\"hr-inner-style\"><\/span><\/span><span class='av-seperator-icon avia-iconfont avia-font-fontello' data-av_icon='\ue800' data-av_iconfont='fontello' ><\/span><span class='hr-inner inner-border-av-border-thin'><span class=\"hr-inner-style\"><\/span><\/span><\/div><\/p><\/div>\n<style type=\"text\/css\" data-created_by=\"avia_inline_auto\" id=\"style-css-av-1kbp16-3421f18de359c4df72201708db8118ca\">\n.flex_column.av-1kbp16-3421f18de359c4df72201708db8118ca{\nborder-radius:0px 0px 0px 0px;\npadding:0px 0px 0px 0px;\n}\n<\/style>\n<div  class='flex_column av-1kbp16-3421f18de359c4df72201708db8118ca av_one_fifth  avia-builder-el-7  el_after_av_one_full  el_before_av_three_fifth  first flex_column_div av-animated-generic bottom-to-top av-zero-column-padding  column-top-margin'     ><\/div>\n<style type=\"text\/css\" data-created_by=\"avia_inline_auto\" id=\"style-css-av-1kbp16-5c5fec3f50eefb98123f4ad18a2de1bd\">\n.flex_column.av-1kbp16-5c5fec3f50eefb98123f4ad18a2de1bd{\nborder-radius:0px 0px 0px 0px;\npadding:0px 0px 0px 0px;\n}\n<\/style>\n<div  class='flex_column av-1kbp16-5c5fec3f50eefb98123f4ad18a2de1bd av_three_fifth  avia-builder-el-8  el_after_av_one_fifth  el_before_av_one_fifth  flex_column_div av-animated-generic bottom-to-top av-zero-column-padding  column-top-margin'     ><div  class='avia-testimonial-wrapper av-jtj1efy5-750f439a0b07f32f5f4b0bc60f1d099d avia-grid-testimonials avia-grid-1-testimonials avia_animate_when_almost_visible av-minimal-grid-style av-boxed-grid-style' >\n<section class=\"avia-testimonial-row\"><div class='avia-testimonial av-5he2rj-cd9f5f22b08a3759a1670d7013844f49 avia-testimonial-row-1 avia-first-testimonial flex_column no_margin av_one_full'><div class='avia-testimonial_inner'  itemscope=\"itemscope\" itemtype=\"https:\/\/schema.org\/CreativeWork\" ><div class='avia-testimonial-content '><div class='avia-testimonial-markup-entry-content'  itemprop=\"text\" ><p style=\"text-align: left;\">Meine 5 j\u00e4hrige Paint Horse Stute Curly und ich sind seit 4 Monaten ein Team. Um unsere Bindung und gegenseitiges Vertrauen aufzubauen und zu st\u00e4rken war ich auf der Suche nach einem Trainer f\u00fcr Bodenarbeit. Im dieser Phase habe ich Melanie mit ihrer Stute beim Training\u00a0 gesehen und war direkt begeistert. Diese Harmonie und gegenseitige Achtsamkeit ohne Sattel, Trense oder Halfter hat mich beeindruckt. Ich hab sie daraufhin\u00a0 angesprochen und seit dem trainiert sie uns regelm\u00e4\u00dfig seit gut 3 Monaten. Dank Melanies einf\u00fchlsamen Pferdeverst\u00e4ndnis, timing und hilfreichen Erkl\u00e4rungen und \u00dcbungen haben wir bereits tolle Fortschritte in der Freiarbeit gemacht und unsere Bindung gest\u00e4rkt. Wir \u00fcben flei\u00dfig weiter mit dem Ziel, dass Curly frei, auch in stressigen Situationen, an meiner Seite bleibt und mir folgt.<\/p>\n<\/div><\/div><div class=\"avia-testimonial-meta\"><div class=\"avia-testimonial-arrow-wrap\"><div class=\"avia-arrow\"><\/div><\/div><div class='avia-testimonial-image'  itemprop=\"image\" ><img loading=\"lazy\" decoding=\"async\" width=\"180\" height=\"180\" src=\"https:\/\/melanie-vehmeier.de\/wp-content\/uploads\/2019\/03\/Leyla-Curly-Mind-Vision-180x180.jpg\" class=\"attachment-square size-square\" alt=\"Leyla Curly Mind Vision\" srcset=\"https:\/\/melanie-vehmeier.de\/wp-content\/uploads\/2019\/03\/Leyla-Curly-Mind-Vision-180x180.jpg 180w, https:\/\/melanie-vehmeier.de\/wp-content\/uploads\/2019\/03\/Leyla-Curly-Mind-Vision-150x150.jpg 150w, https:\/\/melanie-vehmeier.de\/wp-content\/uploads\/2019\/03\/Leyla-Curly-Mind-Vision-300x300.jpg 300w, https:\/\/melanie-vehmeier.de\/wp-content\/uploads\/2019\/03\/Leyla-Curly-Mind-Vision-450x450.jpg 450w, https:\/\/melanie-vehmeier.de\/wp-content\/uploads\/2019\/03\/Leyla-Curly-Mind-Vision-36x36.jpg 36w, https:\/\/melanie-vehmeier.de\/wp-content\/uploads\/2019\/03\/Leyla-Curly-Mind-Vision-120x120.jpg 120w, https:\/\/melanie-vehmeier.de\/wp-content\/uploads\/2019\/03\/Leyla-Curly-Mind-Vision.jpg 600w\" sizes=\"auto, (max-width: 180px) 100vw, 180px\" \/><\/div><div class='avia-testimonial-meta-mini'  itemprop=\"author\" itemscope=\"itemscope\" itemtype=\"https:\/\/schema.org\/Person\" ><strong  class='avia-testimonial-name'  itemprop=\"name\" >Leyla & Curly<\/strong><\/div><\/div><\/div><\/div><\/section>\n<section class=\"avia-testimonial-row\"><div class='avia-testimonial av-4xt4of-9f2cbd3df712ac8270306b56c0e97c16 avia-testimonial-row-2 avia-first-testimonial flex_column no_margin av_one_full'><div class='avia-testimonial_inner'  itemscope=\"itemscope\" itemtype=\"https:\/\/schema.org\/CreativeWork\" ><div class='avia-testimonial-content '><div class='avia-testimonial-markup-entry-content'  itemprop=\"text\" ><p>Hallo, ich bin Selma und habe ein liebevolles, altes Pferd. Er hei\u00dft<br \/>\nRennie, ist Rheinl\u00e4nder und 27 Jahre alt.<\/p>\n<p>Ich bin Freizeitreiterin. Melli habe ich 2013 kennengelernt. Unsere Pferde standen im gleichen Stall. F\u00fcr uns war der Unterricht mit Melli ein Gl\u00fcckstreffer. Ich finde super, dass es ihr gelingt, die Arbeit genau richtig auf mich und mein Pferd abzustimmen. Ich sch\u00e4tze sie sehr als Person und ihren gewaltfreien Umgang mit dem Wesen Pferd. Sie ist<br \/>\neine gro\u00dfe Bereicherung f\u00fcr Rennie und mich. Sie hat uns immer so geholfen, dass wir selbst\u00e4ndig weitermachen konnten. Wir freuen uns nach jeder Unterrichtsstunde auf die n\u00e4chste. Melli ist Spitze!!<\/p>\n<\/div><\/div><div class=\"avia-testimonial-meta\"><div class=\"avia-testimonial-arrow-wrap\"><div class=\"avia-arrow\"><\/div><\/div><div class='avia-testimonial-image'  itemprop=\"image\" ><img loading=\"lazy\" decoding=\"async\" width=\"180\" height=\"180\" src=\"https:\/\/melanie-vehmeier.de\/wp-content\/uploads\/2019\/03\/Selma-Rennie-Mind-Vision-180x180.jpg\" class=\"attachment-square size-square\" alt=\"Selma Rennie Mind Vision\" srcset=\"https:\/\/melanie-vehmeier.de\/wp-content\/uploads\/2019\/03\/Selma-Rennie-Mind-Vision-180x180.jpg 180w, https:\/\/melanie-vehmeier.de\/wp-content\/uploads\/2019\/03\/Selma-Rennie-Mind-Vision-150x150.jpg 150w, https:\/\/melanie-vehmeier.de\/wp-content\/uploads\/2019\/03\/Selma-Rennie-Mind-Vision-300x300.jpg 300w, https:\/\/melanie-vehmeier.de\/wp-content\/uploads\/2019\/03\/Selma-Rennie-Mind-Vision-450x450.jpg 450w, https:\/\/melanie-vehmeier.de\/wp-content\/uploads\/2019\/03\/Selma-Rennie-Mind-Vision-36x36.jpg 36w, https:\/\/melanie-vehmeier.de\/wp-content\/uploads\/2019\/03\/Selma-Rennie-Mind-Vision-120x120.jpg 120w, https:\/\/melanie-vehmeier.de\/wp-content\/uploads\/2019\/03\/Selma-Rennie-Mind-Vision.jpg 600w\" sizes=\"auto, (max-width: 180px) 100vw, 180px\" \/><\/div><div class='avia-testimonial-meta-mini'  itemprop=\"author\" itemscope=\"itemscope\" itemtype=\"https:\/\/schema.org\/Person\" ><strong  class='avia-testimonial-name'  itemprop=\"name\" >Selma & Rennie<\/strong><\/div><\/div><\/div><\/div><\/section>\n<section class=\"avia-testimonial-row\"><div class='avia-testimonial av-26ro73-2bb3d2087cb5e5dfea5d6560c6111929 avia-testimonial-row-3 avia-first-testimonial flex_column no_margin av_one_full'><div class='avia-testimonial_inner'  itemscope=\"itemscope\" itemtype=\"https:\/\/schema.org\/CreativeWork\" ><div class='avia-testimonial-content '><div class='avia-testimonial-markup-entry-content'  itemprop=\"text\" ><p>Raini:<\/p>\n<p>Name: Rain Man S, geboren am 03.03.2006 und er ist Deutsches Sportpferd (Brandenburg). Wir haben Ihn September 2014 gekauft, da war er 8.<\/p>\n<p>Er ist ein sehr in sich gekehrter, ruhiger aber auch \u00e4ngstlicher Typ, der sehr viel Zeit braucht um zu vertrauen.<\/p>\n<p>Werdegang:<\/p>\n<p>Als wir ihn kauften, lief er permanent hinter der Senkrechten, auf der Vorhand, kannte kein Vorw\u00e4rts-Abw\u00e4rts, rollte sich teilweise sehr stark ein, ist nie Turniere gelaufen, ging E Niveau. Ich selber reite A-Niveau in der Dressur, Springen eher E. Daniel hat auf Rain Man angefangen Dressur zu reiten. Fr\u00fcher ist er Western geritten. Wir sind aber beide eher<\/p>\n<p>Rain Man ist in der Dressur inzwischen auf A Niveau und macht auch mal ein paar L-Lektionen, er war 2015 auch mal A platziert (mit der Reitbeteiligung). ER springt aber lieber, oder geht gerne ins Gel\u00e4nde.\u00a0Wir haben\u00a0ihn aber auf Grund der Kolik &#038; Magengeschw\u00fcr-Symptomatik seit Ende 2016 nicht mehr Turnier gehen lassen. Wir sind Ende 2016 au\u00dferdem in den Offenstall umgezogen.<\/p>\n<p>Seitdem haben wir\u00a0einiges ge\u00e4ndert: Ich habe in der Dressur nun einen Reitlehrer der nach der nach der ecole de legerete unterrichtet, was Raini sehr viel besser liegt. Au\u00dferdem sind wir dazu \u00fcbergegangen Rain man mehr vom Boden aus zu arbeiten. Hier f\u00e4llt es ihm leichter, locker und \u00fcber den R\u00fccken zu laufen. Und wir haben angefangen mit Dir mit dem Stick zu arbeiten. Das Training ist das, was Rain man am meisten Spa\u00df macht, bzw. wo er sehr entspannt ist. Das findet er noch besser als Ausreiten. er scheint uns so sehr viel besser zu verstehen. Und wenn wir etwas vom Boden aus ge\u00fcbt haben, dann klappt es auch im Sattel deutlich besser.<\/p>\n<p>Und er vertraut uns deutlich mehr. B\u00e4che und Pf\u00fctzen, die fr\u00fcher ganz schlimm waren, sind jetzt kein gro\u00dfes Problem mehr.<\/p>\n<p>Fazit \u00fcber Deine Arbeit:<\/p>\n<p>Ohne Deine Hilfe w\u00e4ren wir mit Raini niemals so schnell so weit gekommen. Wir sehen jedes Mal eine Verbesserung und sein ganzes Verhalten \u00e4ndert sich. Und nicht nur das Verhalten, sein ganzer K\u00f6rperbau. Ich h\u00e4tte fr\u00fcher echt nicht gedacht, dass man mit Bodenarbeit so viel f\u00fcr seine Muskeln h\u00e4tte tun k\u00f6nnen. Das haben wir mit Reiten nicht geschafft. Und das obwohl wir ja nur alle 2 Wochen mit Dir zusammen \u00fcben.<\/p>\n<p>Er vertraut uns jetzt so viel mehr und ist bei den \u00dcbungen mit dem Stick immer so entspannt. Es ist sch\u00f6n etwas gefunden haben, was ihm so viel Spa\u00df macht und wo Pferd und Reiter gemeinsam viel lernen k\u00f6nnen. Ich habe den Eindruck hier viel mehr mit ihm zusammen zu arbeiten als beim Reiten, wobei unsere Zusammenarbeit beim Reiten jetzt auch viel besser geworden ist als fr\u00fcher.<\/p>\n<p>Du erkl\u00e4rst alles sehr gut, hast immer ein passendes Beispiel, wenn man etwas nicht gleich versteht. Das Tempo ist auch passend. Und Du beobachtest sehr fein und erinnerst mich sogar ans atmen, was mir selber nie auffallen w\u00fcrde :-)<\/p>\n<p>Ich habe das Gef\u00fchl durch die Bodenarbeit mein Pferd viel besser kennengelernt zu haben!<\/p>\n<p>Und zus\u00e4tzlich zu uns selbst kann ich noch sagen, dass sowohl die Osteopathin, als auch unsere Sattlerin ein Lob ausgesprochen haben, dass das Pferd sehr viel besser ausschaut als vor der Zeit mit Bodenarbeit.<\/p>\n<\/div><\/div><div class=\"avia-testimonial-meta\"><div class=\"avia-testimonial-arrow-wrap\"><div class=\"avia-arrow\"><\/div><\/div><div class='avia-testimonial-image'  itemprop=\"image\" ><img loading=\"lazy\" decoding=\"async\" width=\"180\" height=\"180\" src=\"https:\/\/melanie-vehmeier.de\/wp-content\/uploads\/2019\/03\/Do\u0308rthe-Mind-Vision-180x180.jpg\" class=\"attachment-square size-square\" alt=\"Do\u0308rthe Mind Vision\" srcset=\"https:\/\/melanie-vehmeier.de\/wp-content\/uploads\/2019\/03\/Do\u0308rthe-Mind-Vision-180x180.jpg 180w, https:\/\/melanie-vehmeier.de\/wp-content\/uploads\/2019\/03\/Do\u0308rthe-Mind-Vision-150x150.jpg 150w, https:\/\/melanie-vehmeier.de\/wp-content\/uploads\/2019\/03\/Do\u0308rthe-Mind-Vision-300x300.jpg 300w, https:\/\/melanie-vehmeier.de\/wp-content\/uploads\/2019\/03\/Do\u0308rthe-Mind-Vision-450x450.jpg 450w, https:\/\/melanie-vehmeier.de\/wp-content\/uploads\/2019\/03\/Do\u0308rthe-Mind-Vision-36x36.jpg 36w, https:\/\/melanie-vehmeier.de\/wp-content\/uploads\/2019\/03\/Do\u0308rthe-Mind-Vision-120x120.jpg 120w, https:\/\/melanie-vehmeier.de\/wp-content\/uploads\/2019\/03\/Do\u0308rthe-Mind-Vision.jpg 600w\" sizes=\"auto, (max-width: 180px) 100vw, 180px\" \/><\/div><div class='avia-testimonial-meta-mini'  itemprop=\"author\" itemscope=\"itemscope\" itemtype=\"https:\/\/schema.org\/Person\" ><strong  class='avia-testimonial-name'  itemprop=\"name\" >D\u00f6rthe, Daniel & Raini<\/strong><\/div><\/div><\/div><\/div><\/section>\n<\/div><\/div>\n<style type=\"text\/css\" data-created_by=\"avia_inline_auto\" id=\"style-css-av-1kbp16-5c5fec3f50eefb98123f4ad18a2de1bd\">\n.flex_column.av-1kbp16-5c5fec3f50eefb98123f4ad18a2de1bd{\nborder-radius:0px 0px 0px 0px;\npadding:0px 0px 0px 0px;\n}\n<\/style>\n<div  class='flex_column av-1kbp16-5c5fec3f50eefb98123f4ad18a2de1bd av_one_fifth  avia-builder-el-10  el_after_av_three_fifth  avia-builder-el-last  flex_column_div av-animated-generic bottom-to-top av-zero-column-padding  column-top-margin'     ><\/div><\/div><\/div><\/div><!-- close content main div --><\/div><\/div>\n<style type=\"text\/css\" data-created_by=\"avia_inline_auto\" id=\"style-css-av-jt4omzvb-ae115383223157991a3d38f9a92b4c04\">\n.avia-section.av-jt4omzvb-ae115383223157991a3d38f9a92b4c04{\nbackground-color:#bd787d;\nbackground-image:unset;\nmargin-top:10px;\nmargin-bottom:10px;\n}\n<\/style>\n<div id='av_section_3'  class='avia-section av-jt4omzvb-ae115383223157991a3d38f9a92b4c04 main_color avia-section-large avia-no-border-styling  avia-builder-el-11  el_after_av_section  avia-builder-el-last  avia-bg-style-scroll container_wrap fullsize'  ><div class='container av-section-cont-open' ><div class='template-page content  av-content-full alpha units'><div class='post-entry post-entry-type-page post-entry-1119'><div class='entry-content-wrapper clearfix'>\n\n<style type=\"text\/css\" data-created_by=\"avia_inline_auto\" id=\"style-css-av-jt4omcz2-ee3d4ca3da0ec7d1e91f0b594aaf33c6\">\n#top .av_textblock_section.av-jt4omcz2-ee3d4ca3da0ec7d1e91f0b594aaf33c6 .avia_textblock{\ncolor:#ffffff;\n}\n<\/style>\n<section  class='av_textblock_section av-jt4omcz2-ee3d4ca3da0ec7d1e91f0b594aaf33c6 '   itemscope=\"itemscope\" itemtype=\"https:\/\/schema.org\/CreativeWork\" ><div class='avia_textblock av_inherit_color'  itemprop=\"text\" ><h1 style=\"text-align: center;\">\u201eDas Vergn\u00fcgen, andere mit Lob zu \u00fcbersch\u00fctten,<\/h1>\n<h1 style=\"text-align: center;\">sollten wir uns viel \u00f6fter g\u00f6nnen.\u201c<\/h1>\n<p style=\"text-align: center;\"><em>Ernst Ferstl<\/em><\/p>\n<\/div><\/section>\n<\/p>","protected":false},"excerpt":{"rendered":"","protected":false},"author":2,"featured_media":0,"parent":154,"menu_order":5,"comment_status":"closed","ping_status":"closed","template":"","meta":{"footnotes":""},"class_list":["post-1119","page","type-page","status-publish","hentry"],"_links":{"self":[{"href":"https:\/\/melanie-vehmeier.de\/index.php?rest_route=\/wp\/v2\/pages\/1119","targetHints":{"allow":["GET"]}}],"collection":[{"href":"https:\/\/melanie-vehmeier.de\/index.php?rest_route=\/wp\/v2\/pages"}],"about":[{"href":"https:\/\/melanie-vehmeier.de\/index.php?rest_route=\/wp\/v2\/types\/page"}],"author":[{"embeddable":true,"href":"https:\/\/melanie-vehmeier.de\/index.php?rest_route=\/wp\/v2\/users\/2"}],"replies":[{"embeddable":true,"href":"https:\/\/melanie-vehmeier.de\/index.php?rest_route=%2Fwp%2Fv2%2Fcomments&post=1119"}],"version-history":[{"count":3,"href":"https:\/\/melanie-vehmeier.de\/index.php?rest_route=\/wp\/v2\/pages\/1119\/revisions"}],"predecessor-version":[{"id":2517,"href":"https:\/\/melanie-vehmeier.de\/index.php?rest_route=\/wp\/v2\/pages\/1119\/revisions\/2517"}],"up":[{"embeddable":true,"href":"https:\/\/melanie-vehmeier.de\/index.php?rest_route=\/wp\/v2\/pages\/154"}],"wp:attachment":[{"href":"https:\/\/melanie-vehmeier.de\/index.php?rest_route=%2Fwp%2Fv2%2Fmedia&parent=1119"}],"curies":[{"name":"wp","href":"https:\/\/api.w.org\/{rel}","templated":true}]}}